{"id":9610,"date":"2022-03-28T21:22:04","date_gmt":"2022-03-28T21:22:04","guid":{"rendered":"https:\/\/univerzum.co.me\/?page_id=9610"},"modified":"2022-04-12T23:20:32","modified_gmt":"2022-04-12T23:20:32","slug":"projektovanje","status":"publish","type":"page","link":"https:\/\/univerzum.co.me\/sr_rs\/projektovanje\/","title":{"rendered":"Projektovanje"},"content":{"rendered":"\t\t<div data-elementor-type=\"wp-page\" data-elementor-id=\"9610\" class=\"elementor elementor-9610\">\n\t\t\t\t<div class=\"mkdf-elementor-row mkdf-row-with-bg-pattern\" style=\"\">\t\t<section class=\"elementor-section elementor-top-section elementor-element elementor-element-a50048f mkdf-elementor-row-grid-section elementor-section-boxed elementor-section-height-default elementor-section-height-default mkdf-parallax-row-no mkdf-content-aligment-left mkdf-disabled-bg-image-bellow-no mkdf-row-btt-light\" data-id=\"a50048f\" data-element_type=\"section\" data-settings=\"{&quot;background_background&quot;:&quot;classic&quot;}\">\n\t\t\t\t\t\t<div class=\"elementor-container elementor-column-gap-default\">\n\t\t\t\t\t<div class=\"elementor-column elementor-col-50 elementor-top-column elementor-element elementor-element-ae28ab8\" data-id=\"ae28ab8\" data-element_type=\"column\">\n\t\t\t<div class=\"elementor-widget-wrap elementor-element-populated\">\n\t\t\t\t\t\t<div class=\"elementor-element elementor-element-b6a2eb7 elementor-widget elementor-widget-image\" data-id=\"b6a2eb7\" data-element_type=\"widget\" data-widget_type=\"image.default\">\n\t\t\t\t<div class=\"elementor-widget-container\">\n\t\t\t\t\t\t\t\t\t\t\t\t\t<img fetchpriority=\"high\" decoding=\"async\" width=\"1024\" height=\"1024\" src=\"https:\/\/univerzum.co.me\/wp-content\/uploads\/2022\/04\/usluga-projektovanje-1024x1024.jpg\" class=\"attachment-large size-large wp-image-9731\" alt=\"\" srcset=\"https:\/\/univerzum.co.me\/wp-content\/uploads\/2022\/04\/usluga-projektovanje-1024x1024.jpg 1024w, https:\/\/univerzum.co.me\/wp-content\/uploads\/2022\/04\/usluga-projektovanje-300x300.jpg 300w, https:\/\/univerzum.co.me\/wp-content\/uploads\/2022\/04\/usluga-projektovanje-150x150.jpg 150w, https:\/\/univerzum.co.me\/wp-content\/uploads\/2022\/04\/usluga-projektovanje-768x768.jpg 768w, https:\/\/univerzum.co.me\/wp-content\/uploads\/2022\/04\/usluga-projektovanje-1536x1536.jpg 1536w, https:\/\/univerzum.co.me\/wp-content\/uploads\/2022\/04\/usluga-projektovanje-650x650.jpg 650w, https:\/\/univerzum.co.me\/wp-content\/uploads\/2022\/04\/usluga-projektovanje-1300x1300.jpg 1300w, https:\/\/univerzum.co.me\/wp-content\/uploads\/2022\/04\/usluga-projektovanje.jpg 1800w\" sizes=\"(max-width: 1024px) 100vw, 1024px\" \/>\t\t\t\t\t\t\t\t\t\t\t\t\t<\/div>\n\t\t\t\t<\/div>\n\t\t\t\t\t<\/div>\n\t\t<\/div>\n\t\t\t\t<div class=\"elementor-column elementor-col-50 elementor-top-column elementor-element elementor-element-a6f9b37\" data-id=\"a6f9b37\" data-element_type=\"column\">\n\t\t\t<div class=\"elementor-widget-wrap elementor-element-populated\">\n\t\t\t\t\t\t<div class=\"elementor-element elementor-element-73ff54c elementor-widget elementor-widget-mkdf_section_title\" data-id=\"73ff54c\" data-element_type=\"widget\" data-settings=\"{&quot;_animation&quot;:&quot;none&quot;}\" data-widget_type=\"mkdf_section_title.default\">\n\t\t\t\t<div class=\"elementor-widget-container\">\n\t\t\t<div class=\"mkdf-section-title-holder  mkdf-st-standard   \" >\n\t<div class=\"mkdf-st-inner\">\n                    <h6 class=\"mkdf-st-intro-title\" >\n                Projektujemo Va\u0161 Univerzum!            <\/h6>\n        \t\t\t\t\t<h2 class=\"mkdf-st-title\" >\n\t\t\t\tProjektovanje\t\t\t<\/h2>\n\t\t\t\t\t\t\t<p class=\"mkdf-st-text\" style=\"margin-top: 20px\">\n\t\t\t\tPonosni smo na na\u0161 tim koji je sa\u010dinjen od mladih ljudi i arhitekata sa vi\u0161egodi\u0161njim iskustvom na mnogobrojnim projektima koje je pripremila i realizovala kompanija. Zajedno posti\u017eemo najbolje rezultate a najve\u0107a satisfakcija je zadovoljan klijent koji prepoznaje kvalitet na\u0161eg rada. \nSa na\u0161im kolegama, klijentima nudimo sveobuhvatnu uslugu: <br>\n<br> \u2022\tkonsaltinga za pribavljanje potrebne dokumentacije i gra\u0111evinskih dozvola;\n<br> \u2022\tprojektovanja objekata;\n<br> \u2022\tprojektovanja i izvo\u0111enje enterijera;\n<br> \u2022\tizrade urbanisti\u010dko-planske dokumentacije;\n<br> \u2022\tstru\u010dnog nadzora nad izgradnjom objekata i vo\u0111enja investicija. <br>\n<br> Na\u0161i objekti, projektovani i izvedeni, govore za nas. Na\u0161a kompanija projektuje i gradi u svim regionima dr\u017eave. \n\t\t\t<\/p>\n\t\t\t<\/div>\n<\/div>\t\t<\/div>\n\t\t\t\t<\/div>\n\t\t\t\t\t<\/div>\n\t\t<\/div>\n\t\t\t\t\t<\/div>\n\t\t<\/section>\n\t\t<div class=\"mkdf-row-background-pattern-holder\"><div class=\"mkdf-row-background-pattern-left\"><\/div><div class=\"mkdf-row-background-pattern-right\"><\/div><\/div><\/div>\t\t<\/div>\n\t\t","protected":false},"excerpt":{"rendered":"<p>Projektujemo Va\u0161 Univerzum! Projektovanje Ponosni smo na na\u0161 tim koji je sa\u010dinjen od mladih ljudi i arhitekata sa vi\u0161egodi\u0161njim iskustvom na mnogobrojnim projektima koje je pripremila i realizovala kompanija. Zajedno posti\u017eemo najbolje rezultate a najve\u0107a satisfakcija je zadovoljan klijent koji [&hellip;]<\/p>\n","protected":false},"author":1,"featured_media":0,"parent":0,"menu_order":0,"comment_status":"closed","ping_status":"closed","template":"full-width.php","meta":{"footnotes":""},"class_list":["post-9610","page","type-page","status-publish","hentry"],"_links":{"self":[{"href":"https:\/\/univerzum.co.me\/sr_rs\/wp-json\/wp\/v2\/pages\/9610","targetHints":{"allow":["GET"]}}],"collection":[{"href":"https:\/\/univerzum.co.me\/sr_rs\/wp-json\/wp\/v2\/pages"}],"about":[{"href":"https:\/\/univerzum.co.me\/sr_rs\/wp-json\/wp\/v2\/types\/page"}],"author":[{"embeddable":true,"href":"https:\/\/univerzum.co.me\/sr_rs\/wp-json\/wp\/v2\/users\/1"}],"replies":[{"embeddable":true,"href":"https:\/\/univerzum.co.me\/sr_rs\/wp-json\/wp\/v2\/comments?post=9610"}],"version-history":[{"count":16,"href":"https:\/\/univerzum.co.me\/sr_rs\/wp-json\/wp\/v2\/pages\/9610\/revisions"}],"predecessor-version":[{"id":10013,"href":"https:\/\/univerzum.co.me\/sr_rs\/wp-json\/wp\/v2\/pages\/9610\/revisions\/10013"}],"wp:attachment":[{"href":"https:\/\/univerzum.co.me\/sr_rs\/wp-json\/wp\/v2\/media?parent=9610"}],"curies":[{"name":"wp","href":"https:\/\/api.w.org\/{rel}","templated":true}]}}