{"id":9597,"date":"2022-03-28T21:16:24","date_gmt":"2022-03-28T21:16:24","guid":{"rendered":"https:\/\/univerzum.co.me\/?page_id=9597"},"modified":"2022-04-16T11:01:29","modified_gmt":"2022-04-16T11:01:29","slug":"izvodjacki-projekti","status":"publish","type":"page","link":"https:\/\/univerzum.co.me\/sr_rs\/izvodjacki-projekti\/","title":{"rendered":"Izvo\u0111a\u010dki projekti"},"content":{"rendered":"\t\t<div data-elementor-type=\"wp-page\" data-elementor-id=\"9597\" class=\"elementor elementor-9597\">\n\t\t\t\t\t\t<section class=\"elementor-section elementor-top-section elementor-element elementor-element-e7f845b elementor-section-boxed elementor-section-height-default elementor-section-height-default mkdf-parallax-row-no mkdf-content-aligment-left mkdf-elementor-row-grid-no mkdf-disabled-bg-image-bellow-no mkdf-row-btt-light\" data-id=\"e7f845b\" data-element_type=\"section\">\n\t\t\t\t\t\t<div class=\"elementor-container elementor-column-gap-default\">\n\t\t\t\t\t<div class=\"elementor-column elementor-col-100 elementor-top-column elementor-element elementor-element-13a4266\" data-id=\"13a4266\" data-element_type=\"column\">\n\t\t\t<div class=\"elementor-widget-wrap elementor-element-populated\">\n\t\t\t\t\t\t<div class=\"elementor-element elementor-element-0d63017 elementor-invisible elementor-widget elementor-widget-heading\" data-id=\"0d63017\" data-element_type=\"widget\" data-settings=\"{&quot;_animation&quot;:&quot;fadeIn&quot;}\" data-widget_type=\"heading.default\">\n\t\t\t\t<div class=\"elementor-widget-container\">\n\t\t\t<h3 class=\"elementor-heading-title elementor-size-default\">Izvo\u0111a\u010dki projekti<\/h3>\t\t<\/div>\n\t\t\t\t<\/div>\n\t\t\t\t<div class=\"elementor-element elementor-element-8c95e88 elementor-widget elementor-widget-text-editor\" data-id=\"8c95e88\" data-element_type=\"widget\" data-widget_type=\"text-editor.default\">\n\t\t\t\t<div class=\"elementor-widget-container\">\n\t\t\t\t\t\t\t<p>Od projektovanja objekta, preko pripremnih radova, do grubih i finih radova i prijema objekta, realizujemo sve faze po potrebi naru\u010dioca posla. Potrebno je samo da nas kontaktirate sa zahtjevima.<\/p><p>\u00a0<\/p><p>Prepoznati smo po sistemu izgradnje \u201cklju\u010d u ruke\u201d koji podrazumijeva izvo\u0111enje i zavr\u0161etak svih 5 gra\u0111evinskih faza podizanja objekta.\u00a0<\/p><p>\u00a0<\/p><p>Prva (I.) faza izgradnje obuhvata pripremu terena, iskop gra\u0111evinske jame i postavljanje temelje objekta ili temeljne plo\u010de. To je faza koja po\u010dinje odmah nakon dobijanja gra\u0111evinske dozvole (GD) i pripreme cijelog projekta za implementaciju (PZI).\u00a0<\/p><p>Druga (II.) faza izgradnje zna\u010di podizanje suterena, u slu\u010daju da je on projektom predvi\u0111en ili izvo\u0111enje svih podzemnih vodova instalacija \u2013 vodovoda, kanalizacije, struje, navodnjavanja i rasvete.\u00a0<\/p><p>Nakon toga sledi trec\u0301a (III.) faza izgradnje, u kojoj se rade nose\u0107i zidovi svih spratova, me\u0111uspratne plo\u010de i krov kuc\u0301e, a uklju\u010deni su i svi zavr\u0161ni krovni radovi. Slede\u0107i korak je ugradnja stolarije (prozori, vrata), takozvana, produ\u017eena 3. faza izgradnje.\u00a0<\/p><p>U \u010detvrtu (IV.) fazu ulaze svi unutra\u0161nji i vanjski radovi malterisanja (zidovi, plafoni, fasada), postavljanje pregradnih zidova nakon zavr\u0161etka grubog razvo\u0111enja svih potrebnih instalacija kroz zidove, podove i plafone.\u00a0<\/p><p>Poslednja faza je peta (V.), koja uklju\u010duje sve zavr\u0161ne radove ure\u0111enja enterijera kao \u0161to su fino razvo\u0111enje, odnosno, zavr\u0161ni poslovi oko instalacija, ugradnja sanitarne opreme i rasvete, sobnih vrata, zastakljivanje, molerske radove i ugradnju zavr\u0161nih podnih i zidnih obloga.<\/p><p>\u00a0<\/p><p>Osim toga, vr\u0161imo izvo\u0111enje svih vrsta grubih radova u koji spadaju:\u00a0<\/p><p>\u00a0<\/p><p>\u2022 Zemljani radovi<\/p><p>\u2022 Tesarski radovi<\/p><p>\u2022 Armira\u010dki radovi<\/p><p>\u2022 Betonski radovi<\/p><p>\u00a0\u00a0\u00a0&#8211; nearmirani beton<\/p><p>\u00a0\u00a0\u00a0&#8211; armirani beton<\/p><p>\u00a0\u00a0\u00a0&#8211; prednapregnuti beton<\/p><p>\u2022 Monta\u017eerski radovi<\/p><p>Po potrebi klijenta izvodimo samo fine radove, i to:\u00a0<\/p><p>Bravarske i stolarske,<br \/>Podopolaga\u010dke i kerami\u010darske,<br \/>Gipsarske, molerske i fasaderske<br \/>Unutra\u0161nje instalacije<br \/>Postavljanje sanitarnih ure\u0111aja.<\/p>\t\t\t\t\t\t<\/div>\n\t\t\t\t<\/div>\n\t\t\t\t\t<\/div>\n\t\t<\/div>\n\t\t\t\t\t<\/div>\n\t\t<\/section>\n\t\t\t\t<section class=\"elementor-section elementor-top-section elementor-element elementor-element-70e61f7 elementor-section-boxed elementor-section-height-default elementor-section-height-default mkdf-parallax-row-no mkdf-content-aligment-left mkdf-elementor-row-grid-no mkdf-disabled-bg-image-bellow-no mkdf-row-btt-light\" data-id=\"70e61f7\" data-element_type=\"section\">\n\t\t\t\t\t\t<div class=\"elementor-container elementor-column-gap-default\">\n\t\t\t\t\t<div class=\"elementor-column elementor-col-100 elementor-top-column elementor-element elementor-element-fe5fd1d\" data-id=\"fe5fd1d\" data-element_type=\"column\">\n\t\t\t<div class=\"elementor-widget-wrap elementor-element-populated\">\n\t\t\t\t\t\t<div class=\"elementor-element elementor-element-d45c83e elementor-widget elementor-widget-heading\" data-id=\"d45c83e\" data-element_type=\"widget\" data-widget_type=\"heading.default\">\n\t\t\t\t<div class=\"elementor-widget-container\">\n\t\t\t<h4 class=\"elementor-heading-title elementor-size-default\">NA\u0160I IZVO\u0110A\u010cKI PROJEKTI<\/h4>\t\t<\/div>\n\t\t\t\t<\/div>\n\t\t\t\t<div class=\"elementor-element elementor-element-437ffaf elementor-widget elementor-widget-mkdf_portfolio_list\" data-id=\"437ffaf\" data-element_type=\"widget\" data-widget_type=\"mkdf_portfolio_list.default\">\n\t\t\t\t<div class=\"elementor-widget-container\">\n\t\t\t<div class=\"mkdf-portfolio-list-holder mkdf-grid-list mkdf-disable-bottom-space mkdf-pl-gallery mkdf-three-columns mkdf-tiny-space mkdf-pl-gallery-slide-from-image-bottom    mkdf-pl-pag-standard      mkdf-pl-default-skin\"  data-type=gallery data-skin=default-skin data-number-of-columns=three data-space-between-items=tiny data-image-proportions=square data-enable-image-shadow=no data-category=izvodjacki-projekti data-orderby=date data-order=ASC data-item-style=gallery-slide-from-image-bottom data-enable-title=yes data-title-tag=h4 data-enable-category=yes data-enable-count-images=yes data-enable-excerpt=no data-readmore=yes data-pagination-type=standard data-filter=no data-enable-article-animation=no data-portfolio-slider-on=no data-enable-loop=yes data-enable-autoplay=yes data-slider-speed=5000 data-slider-speed-animation=600 data-enable-navigation=yes data-enable-pagination=yes data-enable-auto-width=no data-max-num-pages=1 data-next-page=2>\n\t\t<div class=\"mkdf-pl-inner mkdf-outer-space  clearfix\">\n\t\t<article class=\"mkdf-pl-item mkdf-item-space  post-9682 portfolio-item type-portfolio-item status-publish has-post-thumbnail hentry portfolio-category-izvodjacki-projekti\">\n\t<div class=\"mkdf-pl-item-inner\">\n\t\t<a href=\"https:\/\/univerzum.co.me\/sr_rs\/portfolio-item\/poslovni-objekat-donja-gorica\/\">\n<div class=\"mkdf-pli-image\">\n\t<img fetchpriority=\"high\" decoding=\"async\" width=\"650\" height=\"650\" src=\"https:\/\/univerzum.co.me\/wp-content\/uploads\/2022\/02\/1-DD578846-min-650x650.webp\" class=\"attachment-wilmer_mikado_image_square size-wilmer_mikado_image_square wp-post-image\" alt=\"dizajn eksterijera\" srcset=\"https:\/\/univerzum.co.me\/wp-content\/uploads\/2022\/02\/1-DD578846-min-650x650.webp 650w, https:\/\/univerzum.co.me\/wp-content\/uploads\/2022\/02\/1-DD578846-min-150x150.webp 150w\" sizes=\"(max-width: 650px) 100vw, 650px\" \/><\/div>\n<\/a>\n<div class=\"mkdf-pli-text-holder\">\n\t<div class=\"mkdf-pli-text-wrapper\">\n\t\t<div class=\"mkdf-pli-text\">\n            \t\t<h6 class=\"mkdf-pli-category-holder\">\n\t\t\t\t\t\t\t<a itemprop=\"url\" class=\"mkdf-pli-category\" href=\"https:\/\/univerzum.co.me\/sr_rs\/portfolio-category\/izvodjacki-projekti\/\">Izvo\u0111a\u010dki projekti<\/a>\n\t\t\t\t\t<\/h6>\n\t\n                <a href=\"https:\/\/univerzum.co.me\/sr_rs\/portfolio-item\/poslovni-objekat-donja-gorica\/\">\n\t<h4 itemprop=\"name\" class=\"mkdf-pli-title entry-title\" >\n\t\tPoslovni objekat Donja Gorica\t<\/h4>\n    <\/a>\n\n            \n            \n            \n    <div class=\"mkdf-pl-read-more-holder\">\n    \n    <a itemprop=\"url\" href=\"https:\/\/univerzum.co.me\/sr_rs\/portfolio-item\/poslovni-objekat-donja-gorica\/\" target=\"_self\"  class=\"mkdf-btn mkdf-btn-medium mkdf-btn-simple\"  >\n    <span class=\"mkdf-btn-text\">Find out more<\/span>\n    <\/a>\n    <\/div>\n\n    \t\t<\/div>\n\t<\/div>\n<\/div>\n\t\t<a itemprop=\"url\" class=\"mkdf-pli-link mkdf-block-drag-link\" href=\"https:\/\/univerzum.co.me\/sr_rs\/portfolio-item\/poslovni-objekat-donja-gorica\/\" target=\"_self\"><\/a>\n\t<\/div>\n<\/article><article class=\"mkdf-pl-item mkdf-item-space  post-10069 portfolio-item type-portfolio-item status-publish has-post-thumbnail hentry portfolio-category-izvodjacki-projekti\">\n\t<div class=\"mkdf-pl-item-inner\">\n\t\t<a href=\"https:\/\/univerzum.co.me\/sr_rs\/portfolio-item\/vile-tuzi\/\">\n<div class=\"mkdf-pli-image\">\n\t<img decoding=\"async\" width=\"650\" height=\"650\" src=\"https:\/\/univerzum.co.me\/wp-content\/uploads\/2022\/08\/08-650x650.jpg\" class=\"attachment-wilmer_mikado_image_square size-wilmer_mikado_image_square wp-post-image\" alt=\"\" srcset=\"https:\/\/univerzum.co.me\/wp-content\/uploads\/2022\/08\/08-650x650.jpg 650w, https:\/\/univerzum.co.me\/wp-content\/uploads\/2022\/08\/08-150x150.jpg 150w\" sizes=\"(max-width: 650px) 100vw, 650px\" \/><\/div>\n<\/a>\n<div class=\"mkdf-pli-text-holder\">\n\t<div class=\"mkdf-pli-text-wrapper\">\n\t\t<div class=\"mkdf-pli-text\">\n            \t\t<h6 class=\"mkdf-pli-category-holder\">\n\t\t\t\t\t\t\t<a itemprop=\"url\" class=\"mkdf-pli-category\" href=\"https:\/\/univerzum.co.me\/sr_rs\/portfolio-category\/izvodjacki-projekti\/\">Izvo\u0111a\u010dki projekti<\/a>\n\t\t\t\t\t<\/h6>\n\t\n                <a href=\"https:\/\/univerzum.co.me\/sr_rs\/portfolio-item\/vile-tuzi\/\">\n\t<h4 itemprop=\"name\" class=\"mkdf-pli-title entry-title\" >\n\t\tVile Tuzi\t<\/h4>\n    <\/a>\n\n            \n            \n            \n    <div class=\"mkdf-pl-read-more-holder\">\n    \n    <a itemprop=\"url\" href=\"https:\/\/univerzum.co.me\/sr_rs\/portfolio-item\/vile-tuzi\/\" target=\"_self\"  class=\"mkdf-btn mkdf-btn-medium mkdf-btn-simple\"  >\n    <span class=\"mkdf-btn-text\">Find out more<\/span>\n    <\/a>\n    <\/div>\n\n    \t\t<\/div>\n\t<\/div>\n<\/div>\n\t\t<a itemprop=\"url\" class=\"mkdf-pli-link mkdf-block-drag-link\" href=\"https:\/\/univerzum.co.me\/sr_rs\/portfolio-item\/vile-tuzi\/\" target=\"_self\"><\/a>\n\t<\/div>\n<\/article>\t<\/div>\n\t\n\t<\/div>\t\t<\/div>\n\t\t\t\t<\/div>\n\t\t\t\t\t<\/div>\n\t\t<\/div>\n\t\t\t\t\t<\/div>\n\t\t<\/section>\n\t\t\t\t<\/div>\n\t\t","protected":false},"excerpt":{"rendered":"<p>Izvo\u0111a\u010dki projekti Od projektovanja objekta, preko pripremnih radova, do grubih i finih radova i prijema objekta, realizujemo sve faze po potrebi naru\u010dioca posla. Potrebno je samo da nas kontaktirate sa zahtjevima. Prepoznati smo po sistemu izgradnje \u201cklju\u010d u ruke\u201d koji [&hellip;]<\/p>\n","protected":false},"author":1,"featured_media":0,"parent":0,"menu_order":0,"comment_status":"closed","ping_status":"closed","template":"","meta":{"footnotes":""},"class_list":["post-9597","page","type-page","status-publish","hentry"],"_links":{"self":[{"href":"https:\/\/univerzum.co.me\/sr_rs\/wp-json\/wp\/v2\/pages\/9597","targetHints":{"allow":["GET"]}}],"collection":[{"href":"https:\/\/univerzum.co.me\/sr_rs\/wp-json\/wp\/v2\/pages"}],"about":[{"href":"https:\/\/univerzum.co.me\/sr_rs\/wp-json\/wp\/v2\/types\/page"}],"author":[{"embeddable":true,"href":"https:\/\/univerzum.co.me\/sr_rs\/wp-json\/wp\/v2\/users\/1"}],"replies":[{"embeddable":true,"href":"https:\/\/univerzum.co.me\/sr_rs\/wp-json\/wp\/v2\/comments?post=9597"}],"version-history":[{"count":15,"href":"https:\/\/univerzum.co.me\/sr_rs\/wp-json\/wp\/v2\/pages\/9597\/revisions"}],"predecessor-version":[{"id":10036,"href":"https:\/\/univerzum.co.me\/sr_rs\/wp-json\/wp\/v2\/pages\/9597\/revisions\/10036"}],"wp:attachment":[{"href":"https:\/\/univerzum.co.me\/sr_rs\/wp-json\/wp\/v2\/media?parent=9597"}],"curies":[{"name":"wp","href":"https:\/\/api.w.org\/{rel}","templated":true}]}}