{"id":1636,"date":"2018-12-17T13:59:14","date_gmt":"2018-12-17T13:59:14","guid":{"rendered":"https:\/\/wilmer.qodeinteractive.com\/?page_id=1636"},"modified":"2022-04-16T10:59:58","modified_gmt":"2022-04-16T10:59:58","slug":"construction-2","status":"publish","type":"page","link":"https:\/\/univerzum.co.me\/sr_rs\/construction-2\/","title":{"rendered":"Construction"},"content":{"rendered":"\t\t<div data-elementor-type=\"wp-page\" data-elementor-id=\"1636\" class=\"elementor elementor-1636\">\n\t\t\t\t\t\t<section class=\"elementor-section elementor-top-section elementor-element elementor-element-051bd81 elementor-section-boxed elementor-section-height-default elementor-section-height-default mkdf-parallax-row-no mkdf-content-aligment-left mkdf-elementor-row-grid-no mkdf-disabled-bg-image-bellow-no mkdf-row-btt-light elementor-invisible\" data-id=\"051bd81\" data-element_type=\"section\" data-settings=\"{&quot;animation&quot;:&quot;fadeInRight&quot;}\">\n\t\t\t\t\t\t<div class=\"elementor-container elementor-column-gap-default\">\n\t\t\t\t\t<div class=\"elementor-column elementor-col-50 elementor-top-column elementor-element elementor-element-4f12a8e\" data-id=\"4f12a8e\" data-element_type=\"column\">\n\t\t\t<div class=\"elementor-widget-wrap elementor-element-populated\">\n\t\t\t\t\t\t<div class=\"elementor-element elementor-element-ab21ee9 elementor-widget elementor-widget-image\" data-id=\"ab21ee9\" data-element_type=\"widget\" data-widget_type=\"image.default\">\n\t\t\t\t<div class=\"elementor-widget-container\">\n\t\t\t\t\t\t\t\t\t\t\t\t\t<img fetchpriority=\"high\" decoding=\"async\" width=\"1024\" height=\"576\" src=\"https:\/\/univerzum.co.me\/wp-content\/uploads\/2022\/02\/Limenka-Render-3-Noc-_1_-min-1024x576.webp\" class=\"attachment-large size-large wp-image-9544\" alt=\"dizajn eksterijera Limenke\" srcset=\"https:\/\/univerzum.co.me\/wp-content\/uploads\/2022\/02\/Limenka-Render-3-Noc-_1_-min-1024x576.webp 1024w, https:\/\/univerzum.co.me\/wp-content\/uploads\/2022\/02\/Limenka-Render-3-Noc-_1_-min-300x169.webp 300w, https:\/\/univerzum.co.me\/wp-content\/uploads\/2022\/02\/Limenka-Render-3-Noc-_1_-min-768x432.webp 768w, https:\/\/univerzum.co.me\/wp-content\/uploads\/2022\/02\/Limenka-Render-3-Noc-_1_-min-1536x864.webp 1536w\" sizes=\"(max-width: 1024px) 100vw, 1024px\" \/>\t\t\t\t\t\t\t\t\t\t\t\t\t<\/div>\n\t\t\t\t<\/div>\n\t\t\t\t\t<\/div>\n\t\t<\/div>\n\t\t\t\t<div class=\"elementor-column elementor-col-50 elementor-top-column elementor-element elementor-element-ce9e790\" data-id=\"ce9e790\" data-element_type=\"column\">\n\t\t\t<div class=\"elementor-widget-wrap elementor-element-populated\">\n\t\t\t\t\t\t<div class=\"elementor-element elementor-element-b8e009b elementor-widget elementor-widget-heading\" data-id=\"b8e009b\" data-element_type=\"widget\" data-widget_type=\"heading.default\">\n\t\t\t\t<div class=\"elementor-widget-container\">\n\t\t\t<h6 class=\"elementor-heading-title elementor-size-default\">construction #1<\/h6>\t\t<\/div>\n\t\t\t\t<\/div>\n\t\t\t\t<div class=\"elementor-element elementor-element-aebdaa1 elementor-invisible elementor-widget elementor-widget-heading\" data-id=\"aebdaa1\" data-element_type=\"widget\" data-settings=\"{&quot;_animation&quot;:&quot;fadeIn&quot;}\" data-widget_type=\"heading.default\">\n\t\t\t\t<div class=\"elementor-widget-container\">\n\t\t\t<h2 class=\"elementor-heading-title elementor-size-default\">Investicije<\/h2>\t\t<\/div>\n\t\t\t\t<\/div>\n\t\t\t\t<div class=\"elementor-element elementor-element-809ba8c elementor-widget elementor-widget-text-editor\" data-id=\"809ba8c\" data-element_type=\"widget\" data-widget_type=\"text-editor.default\">\n\t\t\t\t<div class=\"elementor-widget-container\">\n\t\t\t\t\t\t\t<p>Kompanije Univerzum je prepoznata kao investitor u projektima koji odi\u0161u luksuzom i presti\u017eom.<\/p>\t\t\t\t\t\t<\/div>\n\t\t\t\t<\/div>\n\t\t\t\t<div class=\"elementor-element elementor-element-50935b9 elementor-widget elementor-widget-button\" data-id=\"50935b9\" data-element_type=\"widget\" data-widget_type=\"button.default\">\n\t\t\t\t<div class=\"elementor-widget-container\">\n\t\t\t\t\t<div class=\"elementor-button-wrapper\">\n\t\t\t<a class=\"elementor-button elementor-button-link elementor-size-sm elementor-animation-grow\" href=\"https:\/\/univerzum.co.me\/investicioni-projekti\/\">\n\t\t\t\t\t\t<span class=\"elementor-button-content-wrapper\">\n\t\t\t\t\t\t\t\t\t<span class=\"elementor-button-text\">VIDI VI\u0160E<\/span>\n\t\t\t\t\t<\/span>\n\t\t\t\t\t<\/a>\n\t\t<\/div>\n\t\t\t\t<\/div>\n\t\t\t\t<\/div>\n\t\t\t\t\t<\/div>\n\t\t<\/div>\n\t\t\t\t\t<\/div>\n\t\t<\/section>\n\t\t\t\t<section class=\"elementor-section elementor-top-section elementor-element elementor-element-0952ce1 elementor-section-boxed elementor-section-height-default elementor-section-height-default mkdf-parallax-row-no mkdf-content-aligment-left mkdf-elementor-row-grid-no mkdf-disabled-bg-image-bellow-no mkdf-row-btt-light elementor-invisible\" data-id=\"0952ce1\" data-element_type=\"section\" data-settings=\"{&quot;animation&quot;:&quot;fadeInLeft&quot;}\">\n\t\t\t\t\t\t<div class=\"elementor-container elementor-column-gap-default\">\n\t\t\t\t\t<div class=\"elementor-column elementor-col-50 elementor-top-column elementor-element elementor-element-ac4899f\" data-id=\"ac4899f\" data-element_type=\"column\">\n\t\t\t<div class=\"elementor-widget-wrap elementor-element-populated\">\n\t\t\t\t\t\t<div class=\"elementor-element elementor-element-2d1edff elementor-invisible elementor-widget elementor-widget-heading\" data-id=\"2d1edff\" data-element_type=\"widget\" data-settings=\"{&quot;_animation&quot;:&quot;fadeInLeft&quot;}\" data-widget_type=\"heading.default\">\n\t\t\t\t<div class=\"elementor-widget-container\">\n\t\t\t<h6 class=\"elementor-heading-title elementor-size-default\">construction #2<\/h6>\t\t<\/div>\n\t\t\t\t<\/div>\n\t\t\t\t<div class=\"elementor-element elementor-element-4120938 elementor-widget elementor-widget-heading\" data-id=\"4120938\" data-element_type=\"widget\" data-widget_type=\"heading.default\">\n\t\t\t\t<div class=\"elementor-widget-container\">\n\t\t\t<h2 class=\"elementor-heading-title elementor-size-default\">Izvo\u0111a\u010dki projekti<\/h2>\t\t<\/div>\n\t\t\t\t<\/div>\n\t\t\t\t<div class=\"elementor-element elementor-element-07bf9cd elementor-widget elementor-widget-text-editor\" data-id=\"07bf9cd\" data-element_type=\"widget\" data-widget_type=\"text-editor.default\">\n\t\t\t\t<div class=\"elementor-widget-container\">\n\t\t\t\t\t\t\t<p>Kompanije Univerzum se izdvojila na tr\u017ei\u0161tu kao generalni izvo\u0111a\u010d zanatsko-gra\u0111evinskih radova, naj\u010de\u0161\u0107e po sistemu \u201eklju\u010d u ruke\u201c.<\/p>\t\t\t\t\t\t<\/div>\n\t\t\t\t<\/div>\n\t\t\t\t<div class=\"elementor-element elementor-element-3ac548f elementor-align-right elementor-widget elementor-widget-button\" data-id=\"3ac548f\" data-element_type=\"widget\" data-widget_type=\"button.default\">\n\t\t\t\t<div class=\"elementor-widget-container\">\n\t\t\t\t\t<div class=\"elementor-button-wrapper\">\n\t\t\t<a class=\"elementor-button elementor-button-link elementor-size-sm\" href=\"https:\/\/univerzum.co.me\/izvodjacki-projekti\/\">\n\t\t\t\t\t\t<span class=\"elementor-button-content-wrapper\">\n\t\t\t\t\t\t\t\t\t<span class=\"elementor-button-text\">VIDI VI\u0160E<\/span>\n\t\t\t\t\t<\/span>\n\t\t\t\t\t<\/a>\n\t\t<\/div>\n\t\t\t\t<\/div>\n\t\t\t\t<\/div>\n\t\t\t\t\t<\/div>\n\t\t<\/div>\n\t\t\t\t<div class=\"elementor-column elementor-col-50 elementor-top-column elementor-element elementor-element-2d2b39a\" data-id=\"2d2b39a\" data-element_type=\"column\">\n\t\t\t<div class=\"elementor-widget-wrap elementor-element-populated\">\n\t\t\t\t\t\t<div class=\"elementor-element elementor-element-7e9c12b elementor-widget elementor-widget-image\" data-id=\"7e9c12b\" data-element_type=\"widget\" data-widget_type=\"image.default\">\n\t\t\t\t<div class=\"elementor-widget-container\">\n\t\t\t\t\t\t\t\t\t\t\t\t\t<img decoding=\"async\" width=\"1024\" height=\"534\" src=\"https:\/\/univerzum.co.me\/wp-content\/uploads\/2022\/02\/1-DD578846-min-1024x534.webp\" class=\"attachment-large size-large wp-image-9545\" alt=\"dizajn eksterijera\" srcset=\"https:\/\/univerzum.co.me\/wp-content\/uploads\/2022\/02\/1-DD578846-min-1024x534.webp 1024w, https:\/\/univerzum.co.me\/wp-content\/uploads\/2022\/02\/1-DD578846-min-300x156.webp 300w, https:\/\/univerzum.co.me\/wp-content\/uploads\/2022\/02\/1-DD578846-min-768x400.webp 768w, https:\/\/univerzum.co.me\/wp-content\/uploads\/2022\/02\/1-DD578846-min-1536x800.webp 1536w\" sizes=\"(max-width: 1024px) 100vw, 1024px\" \/>\t\t\t\t\t\t\t\t\t\t\t\t\t<\/div>\n\t\t\t\t<\/div>\n\t\t\t\t\t<\/div>\n\t\t<\/div>\n\t\t\t\t\t<\/div>\n\t\t<\/section>\n\t\t\t\t<section class=\"elementor-section elementor-top-section elementor-element elementor-element-9b86e96 elementor-section-boxed elementor-section-height-default elementor-section-height-default mkdf-parallax-row-no mkdf-content-aligment-left mkdf-elementor-row-grid-no mkdf-disabled-bg-image-bellow-no mkdf-row-btt-light elementor-invisible\" data-id=\"9b86e96\" data-element_type=\"section\" data-settings=\"{&quot;animation&quot;:&quot;fadeInRight&quot;}\">\n\t\t\t\t\t\t<div class=\"elementor-container elementor-column-gap-default\">\n\t\t\t\t\t<div class=\"elementor-column elementor-col-50 elementor-top-column elementor-element elementor-element-f6f7c8f\" data-id=\"f6f7c8f\" data-element_type=\"column\">\n\t\t\t<div class=\"elementor-widget-wrap elementor-element-populated\">\n\t\t\t\t\t\t<div class=\"elementor-element elementor-element-86b8b9d elementor-widget elementor-widget-image\" data-id=\"86b8b9d\" data-element_type=\"widget\" data-widget_type=\"image.default\">\n\t\t\t\t<div class=\"elementor-widget-container\">\n\t\t\t\t\t\t\t\t\t\t\t\t\t<img decoding=\"async\" width=\"1024\" height=\"683\" src=\"https:\/\/univerzum.co.me\/wp-content\/uploads\/2022\/04\/mehanizacija-cover-2-1024x683.jpg\" class=\"attachment-large size-large wp-image-9659\" alt=\"\" srcset=\"https:\/\/univerzum.co.me\/wp-content\/uploads\/2022\/04\/mehanizacija-cover-2-1024x683.jpg 1024w, https:\/\/univerzum.co.me\/wp-content\/uploads\/2022\/04\/mehanizacija-cover-2-300x200.jpg 300w, https:\/\/univerzum.co.me\/wp-content\/uploads\/2022\/04\/mehanizacija-cover-2-768x512.jpg 768w, https:\/\/univerzum.co.me\/wp-content\/uploads\/2022\/04\/mehanizacija-cover-2-1536x1024.jpg 1536w, https:\/\/univerzum.co.me\/wp-content\/uploads\/2022\/04\/mehanizacija-cover-2.jpg 1800w\" sizes=\"(max-width: 1024px) 100vw, 1024px\" \/>\t\t\t\t\t\t\t\t\t\t\t\t\t<\/div>\n\t\t\t\t<\/div>\n\t\t\t\t\t<\/div>\n\t\t<\/div>\n\t\t\t\t<div class=\"elementor-column elementor-col-50 elementor-top-column elementor-element elementor-element-7764180\" data-id=\"7764180\" data-element_type=\"column\">\n\t\t\t<div class=\"elementor-widget-wrap elementor-element-populated\">\n\t\t\t\t\t\t<div class=\"elementor-element elementor-element-5a226f5 elementor-widget elementor-widget-heading\" data-id=\"5a226f5\" data-element_type=\"widget\" data-widget_type=\"heading.default\">\n\t\t\t\t<div class=\"elementor-widget-container\">\n\t\t\t<h6 class=\"elementor-heading-title elementor-size-default\">construction #3<\/h6>\t\t<\/div>\n\t\t\t\t<\/div>\n\t\t\t\t<div class=\"elementor-element elementor-element-07ccb05 elementor-widget elementor-widget-heading\" data-id=\"07ccb05\" data-element_type=\"widget\" data-widget_type=\"heading.default\">\n\t\t\t\t<div class=\"elementor-widget-container\">\n\t\t\t<h2 class=\"elementor-heading-title elementor-size-default\">Mehanizacija<\/h2>\t\t<\/div>\n\t\t\t\t<\/div>\n\t\t\t\t<div class=\"elementor-element elementor-element-cca8bd2 elementor-widget elementor-widget-text-editor\" data-id=\"cca8bd2\" data-element_type=\"widget\" data-widget_type=\"text-editor.default\">\n\t\t\t\t<div class=\"elementor-widget-container\">\n\t\t\t\t\t\t\t<p>Od projektovanja objekta, preko pripremnih radova, do grubih i finih radova i prijema objekta, realizujemo sve faze. Potrebno je samo da nas kontaktirate sa zahtjevima.<\/p>\t\t\t\t\t\t<\/div>\n\t\t\t\t<\/div>\n\t\t\t\t<div class=\"elementor-element elementor-element-05161f9 elementor-widget elementor-widget-button\" data-id=\"05161f9\" data-element_type=\"widget\" data-widget_type=\"button.default\">\n\t\t\t\t<div class=\"elementor-widget-container\">\n\t\t\t\t\t<div class=\"elementor-button-wrapper\">\n\t\t\t<a class=\"elementor-button elementor-button-link elementor-size-sm\" href=\"https:\/\/univerzum.co.me\/mehanizacija\/\">\n\t\t\t\t\t\t<span class=\"elementor-button-content-wrapper\">\n\t\t\t\t\t\t\t\t\t<span class=\"elementor-button-text\">VIDI VI\u0160E<\/span>\n\t\t\t\t\t<\/span>\n\t\t\t\t\t<\/a>\n\t\t<\/div>\n\t\t\t\t<\/div>\n\t\t\t\t<\/div>\n\t\t\t\t\t<\/div>\n\t\t<\/div>\n\t\t\t\t\t<\/div>\n\t\t<\/section>\n\t\t\t\t<\/div>\n\t\t","protected":false},"excerpt":{"rendered":"<p>construction #1 Investicije Kompanije Univerzum je prepoznata kao investitor u projektima koji odi\u0161u luksuzom i presti\u017eom. VIDI VI\u0160E construction #2 Izvo\u0111a\u010dki projekti Kompanije Univerzum se izdvojila na tr\u017ei\u0161tu kao generalni izvo\u0111a\u010d zanatsko-gra\u0111evinskih radova, naj\u010de\u0161\u0107e po sistemu \u201eklju\u010d u ruke\u201c. VIDI [&hellip;]<\/p>\n","protected":false},"author":1,"featured_media":0,"parent":0,"menu_order":0,"comment_status":"closed","ping_status":"closed","template":"full-width.php","meta":{"footnotes":""},"class_list":["post-1636","page","type-page","status-publish","hentry"],"_links":{"self":[{"href":"https:\/\/univerzum.co.me\/sr_rs\/wp-json\/wp\/v2\/pages\/1636","targetHints":{"allow":["GET"]}}],"collection":[{"href":"https:\/\/univerzum.co.me\/sr_rs\/wp-json\/wp\/v2\/pages"}],"about":[{"href":"https:\/\/univerzum.co.me\/sr_rs\/wp-json\/wp\/v2\/types\/page"}],"author":[{"embeddable":true,"href":"https:\/\/univerzum.co.me\/sr_rs\/wp-json\/wp\/v2\/users\/1"}],"replies":[{"embeddable":true,"href":"https:\/\/univerzum.co.me\/sr_rs\/wp-json\/wp\/v2\/comments?post=1636"}],"version-history":[{"count":36,"href":"https:\/\/univerzum.co.me\/sr_rs\/wp-json\/wp\/v2\/pages\/1636\/revisions"}],"predecessor-version":[{"id":9900,"href":"https:\/\/univerzum.co.me\/sr_rs\/wp-json\/wp\/v2\/pages\/1636\/revisions\/9900"}],"wp:attachment":[{"href":"https:\/\/univerzum.co.me\/sr_rs\/wp-json\/wp\/v2\/media?parent=1636"}],"curies":[{"name":"wp","href":"https:\/\/api.w.org\/{rel}","templated":true}]}}