{"id":1458,"date":"2018-12-17T08:46:49","date_gmt":"2018-12-17T08:46:49","guid":{"rendered":"https:\/\/wilmer.qodeinteractive.com\/?page_id=1458"},"modified":"2022-04-12T23:18:47","modified_gmt":"2022-04-12T23:18:47","slug":"o-nama","status":"publish","type":"page","link":"https:\/\/univerzum.co.me\/sr_rs\/o-nama\/","title":{"rendered":"O nama"},"content":{"rendered":"\t\t<div data-elementor-type=\"wp-page\" data-elementor-id=\"1458\" class=\"elementor elementor-1458\">\n\t\t\t\t<div class=\"mkdf-elementor-row mkdf-row-with-bg-pattern\" style=\"\">\t\t<section class=\"elementor-section elementor-top-section elementor-element elementor-element-a50048f mkdf-elementor-row-grid-section elementor-section-boxed elementor-section-height-default elementor-section-height-default mkdf-parallax-row-no mkdf-content-aligment-left mkdf-disabled-bg-image-bellow-no mkdf-row-btt-light\" data-id=\"a50048f\" data-element_type=\"section\" data-settings=\"{&quot;background_background&quot;:&quot;classic&quot;}\">\n\t\t\t\t\t\t<div class=\"elementor-container elementor-column-gap-default\">\n\t\t\t\t\t<div class=\"elementor-column elementor-col-50 elementor-top-column elementor-element elementor-element-ae28ab8\" data-id=\"ae28ab8\" data-element_type=\"column\">\n\t\t\t<div class=\"elementor-widget-wrap elementor-element-populated\">\n\t\t\t\t\t\t<div class=\"elementor-element elementor-element-b6a2eb7 elementor-widget elementor-widget-image\" data-id=\"b6a2eb7\" data-element_type=\"widget\" data-widget_type=\"image.default\">\n\t\t\t\t<div class=\"elementor-widget-container\">\n\t\t\t\t\t\t\t\t\t\t\t\t\t<img fetchpriority=\"high\" decoding=\"async\" width=\"768\" height=\"1078\" src=\"https:\/\/univerzum.co.me\/wp-content\/uploads\/2022\/02\/univerzum-logo-768x1078.jpeg\" class=\"attachment-medium_large size-medium_large wp-image-11\" alt=\"\" srcset=\"https:\/\/univerzum.co.me\/wp-content\/uploads\/2022\/02\/univerzum-logo-768x1078.jpeg 768w, https:\/\/univerzum.co.me\/wp-content\/uploads\/2022\/02\/univerzum-logo-214x300.jpeg 214w, https:\/\/univerzum.co.me\/wp-content\/uploads\/2022\/02\/univerzum-logo-730x1024.jpeg 730w, https:\/\/univerzum.co.me\/wp-content\/uploads\/2022\/02\/univerzum-logo.jpeg 912w\" sizes=\"(max-width: 768px) 100vw, 768px\" \/>\t\t\t\t\t\t\t\t\t\t\t\t\t<\/div>\n\t\t\t\t<\/div>\n\t\t\t\t\t<\/div>\n\t\t<\/div>\n\t\t\t\t<div class=\"elementor-column elementor-col-50 elementor-top-column elementor-element elementor-element-a6f9b37\" data-id=\"a6f9b37\" data-element_type=\"column\">\n\t\t\t<div class=\"elementor-widget-wrap elementor-element-populated\">\n\t\t\t\t\t\t<div class=\"elementor-element elementor-element-73ff54c elementor-invisible elementor-widget elementor-widget-mkdf_section_title\" data-id=\"73ff54c\" data-element_type=\"widget\" data-settings=\"{&quot;_animation&quot;:&quot;fadeInUp&quot;}\" data-widget_type=\"mkdf_section_title.default\">\n\t\t\t\t<div class=\"elementor-widget-container\">\n\t\t\t<div class=\"mkdf-section-title-holder  mkdf-st-standard   \" >\n\t<div class=\"mkdf-st-inner\">\n        \t\t\t\t\t<h2 class=\"mkdf-st-title\" >\n\t\t\t\tBuild better tomorrow!\t\t\t<\/h2>\n\t\t\t\t\t\t\t<p class=\"mkdf-st-text\" style=\"margin-top: 20px\">\n\t\t\t\tKompanija \u201eUniverzum\u201d se od svog samog osnivanja, razvija u oblastima visokogradnje, niskogradnje, projektovanja, rekonstrukcije i adaptacije industrijskih, komercijalnih i stambenih objekata, IT sektora, prodaje i rentiranja stambenih i poslovnih prostora. Do sada, kompanija je uspje\u0161no realizovala jako puno projekata na teritoriji Crne Gore. Danas je kompanija okrenuta isklju\u010divo poslovanju na lokalnom, crnogorskom tr\u017ei\u0161tu, gdje nastupa kao Investitor, kao i generalni izvo\u0111a\u010d zanatsko-gra\u0111evinskih radova, naj\u010de\u0161\u0107e po sistemu \u201eklju\u010d u ruke\u201c. \t\t\t<\/p>\n\t\t\t<\/div>\n<\/div>\t\t<\/div>\n\t\t\t\t<\/div>\n\t\t\t\t\t<\/div>\n\t\t<\/div>\n\t\t\t\t\t<\/div>\n\t\t<\/section>\n\t\t<div class=\"mkdf-row-background-pattern-holder\"><div class=\"mkdf-row-background-pattern-left\"><\/div><div class=\"mkdf-row-background-pattern-right\"><\/div><\/div><\/div>\t\t<section class=\"elementor-section elementor-top-section elementor-element elementor-element-3bf34f6 elementor-section-boxed elementor-section-height-default elementor-section-height-default mkdf-parallax-row-no mkdf-content-aligment-left mkdf-elementor-row-grid-no mkdf-disabled-bg-image-bellow-no mkdf-row-btt-light\" data-id=\"3bf34f6\" data-element_type=\"section\">\n\t\t\t\t\t\t<div class=\"elementor-container elementor-column-gap-default\">\n\t\t\t\t\t<div class=\"elementor-column elementor-col-100 elementor-top-column elementor-element elementor-element-0c6e0d2\" data-id=\"0c6e0d2\" data-element_type=\"column\">\n\t\t\t<div class=\"elementor-widget-wrap elementor-element-populated\">\n\t\t\t\t\t\t<div class=\"elementor-element elementor-element-a42be2f elementor-widget elementor-widget-qi_addons_for_elementor_animated_text\" data-id=\"a42be2f\" data-element_type=\"widget\" data-widget_type=\"qi_addons_for_elementor_animated_text.default\">\n\t\t\t\t<div class=\"elementor-widget-container\">\n\t\t\t<div class=\"qodef-shortcode qodef-m  qodef-qi-animated-text qodef--animated-by-word qodef--alignment-center qodef-qi--has-appear qodef--appear-from-bottom\" >\n\t\t<h2 class=\"qodef-m-title\">\n\t\t<span class=\"qodef-e-word\">Gradimo<\/span> <span class=\"qodef-e-word\">Va\u0161<\/span> <span class=\"qodef-e-word\">Univerzum!<\/span>\t<\/h2>\n<\/div>\n\t\t<\/div>\n\t\t\t\t<\/div>\n\t\t\t\t<div class=\"elementor-element elementor-element-52b15b5 elementor-widget elementor-widget-text-editor\" data-id=\"52b15b5\" data-element_type=\"widget\" data-widget_type=\"text-editor.default\">\n\t\t\t\t<div class=\"elementor-widget-container\">\n\t\t\t\t\t\t\t<p class=\"MsoNormal\" style=\"margin-bottom: .0001pt; text-align: justify; line-height: normal; tab-stops: 55.4pt;\"><span style=\"font-family: Arial, 'sans-serif'; color: black; background-position: initial; background-color: white;\">Sva znanja i iskustva, ste\u010dena u radu na va\u017enim projektima tokom godina, veoma su zna\u010dajan kapital i uspje\u0161no se prenose na mla\u0111e kadrove, koji su od po\u010detka bili okosnica razvoja \u201eUniverzuma\u201c. Tim iskusnih in\u017eenjera u saradnji sa mladim, visoko kvalifikovanim i perspektivnim timom i iskusnom i kompletno opremljenom gra\u0111evinskom operativom, u stanju je da isprati sve zahtjeve investitora, uz po\u0161tovanje najvi\u0161ih doma\u0107ih, evropskih i svjetskih standarda u oblasti gra\u0111evinarstva. Tako\u0111e, kompanija konstantno ula\u017ee u edukaciju svojih zaposlenih.<\/span><\/p><p class=\"MsoNormal\" style=\"margin-bottom: .0001pt; text-align: justify; line-height: normal;\"><span style=\"font-size: 12.0pt; font-family: 'Times New Roman','serif'; mso-fareast-font-family: 'Times New Roman';\">\u00a0<\/span><\/p><p class=\"MsoNormal\" style=\"margin-bottom: .0001pt; text-align: justify; line-height: normal;\"><span style=\"font-family: Arial, 'sans-serif'; color: black; background-position: initial; background-color: white;\">Zahvaljuju\u0107i tome, \u201eUniverzum\u201c je postao prepoznatljiv brend, a ste\u010deni renome baziran je na bogatoj listi referenci izvedenih radova, pouzdanosti, dokazanom kvalitetu kako tokom samog izvo\u0111enja radova, tako i u izboru materijala, a prije svega po\u0161tovanju ugovorenih obaveza. Pristup poslu i odnos sa investitorima je partnerski, \u0161to dokazuje vi\u0161egodi\u0161nja uspje\u0161na saradnja sa mnogima od njih. Isti princip primjenjuje se i u odnosu sa podizvo\u0111a\u010dima i dobavlja\u010dima.<\/span><\/p><p class=\"MsoNormal\" style=\"margin-bottom: .0001pt; text-align: justify; line-height: normal;\"><span style=\"font-family: Arial, 'sans-serif'; color: black; background-position: initial; background-color: white;\">Sjedi\u0161te kompanije se nalazi u Podgorici.<\/span><\/p><p class=\"MsoNormal\" style=\"margin-bottom: .0001pt; line-height: normal;\"><span style=\"font-size: 12.0pt; font-family: 'Times New Roman','serif'; mso-fareast-font-family: 'Times New Roman';\">\u00a0<\/span><\/p><p class=\"MsoNormal\" style=\"margin-bottom: .0001pt; text-align: justify; line-height: normal;\"><b><span style=\"font-family: Arial, 'sans-serif'; color: black; background-position: initial; background-color: white;\">Gradimo va\u0161 UNIVERZUM!<\/span><\/b><b><\/b><\/p>\t\t\t\t\t\t<\/div>\n\t\t\t\t<\/div>\n\t\t\t\t\t<\/div>\n\t\t<\/div>\n\t\t\t\t\t<\/div>\n\t\t<\/section>\n\t\t\t\t<section class=\"elementor-section elementor-top-section elementor-element elementor-element-ecd953a elementor-section-boxed elementor-section-height-default elementor-section-height-default mkdf-parallax-row-no mkdf-content-aligment-left mkdf-elementor-row-grid-no mkdf-disabled-bg-image-bellow-no mkdf-row-btt-light\" data-id=\"ecd953a\" data-element_type=\"section\" data-settings=\"{&quot;background_background&quot;:&quot;classic&quot;}\">\n\t\t\t\t\t\t<div class=\"elementor-container elementor-column-gap-default\">\n\t\t\t\t\t<div class=\"elementor-column elementor-col-100 elementor-top-column elementor-element elementor-element-cac74d9\" data-id=\"cac74d9\" data-element_type=\"column\">\n\t\t\t<div class=\"elementor-widget-wrap elementor-element-populated\">\n\t\t\t\t\t\t<div class=\"elementor-element elementor-element-02a6484 elementor-widget elementor-widget-mkdf_clients_grid\" data-id=\"02a6484\" data-element_type=\"widget\" data-widget_type=\"mkdf_clients_grid.default\">\n\t\t\t\t<div class=\"elementor-widget-container\">\n\t\t\t        <div class=\"mkdf-clients-grid-holder mkdf-grid-list mkdf-disable-bottom-space mkdf-three-columns mkdf-normal-space  mkdf-cc-hover-roll-over\">\n            <div class=\"mkdf-cg-inner mkdf-outer-space\">\n                <div class=\"mkdf-cc-item mkdf-item-space mkdf-cci-has-link\">\n\t\t\t<a itemprop=\"url\" class=\"mkdf-cc-link mkdf-block-drag-link\" href=\"#\" target=\"_self\">\n\t\t\t\t\t\t<img decoding=\"async\" itemprop=\"image\" class=\"mkdf-cc-image\" src=\"https:\/\/univerzum.co.me\/wp-content\/uploads\/2022\/04\/simens.png\" alt=\"\" \/>\n\t\t\t\t\t\t\t<img decoding=\"async\" itemprop=\"image\" class=\"mkdf-cc-hover-image\" src=\"https:\/\/univerzum.co.me\/wp-content\/uploads\/2022\/04\/simens.png\" alt=\"\" \/>\n\t\t\t\t\t<\/a>\n\t<\/div><div class=\"mkdf-cc-item mkdf-item-space mkdf-cci-has-link\">\n\t\t\t<a itemprop=\"url\" class=\"mkdf-cc-link mkdf-block-drag-link\" href=\"#\" target=\"_self\">\n\t\t\t\t\t\t<img decoding=\"async\" itemprop=\"image\" class=\"mkdf-cc-image\" src=\"https:\/\/univerzum.co.me\/wp-content\/uploads\/2022\/04\/novi-volvox-300x300.png\" alt=\"\" \/>\n\t\t\t\t\t\t\t<img decoding=\"async\" itemprop=\"image\" class=\"mkdf-cc-hover-image\" src=\"https:\/\/univerzum.co.me\/wp-content\/uploads\/2022\/04\/novi-volvox-300x300.png\" alt=\"\" \/>\n\t\t\t\t\t<\/a>\n\t<\/div><div class=\"mkdf-cc-item mkdf-item-space mkdf-cci-no-link\">\n\t\t\t\t\t\t<img decoding=\"async\" itemprop=\"image\" class=\"mkdf-cc-image\" src=\"https:\/\/univerzum.co.me\/wp-content\/uploads\/2022\/04\/infinity.png\" alt=\"\" \/>\n\t\t\t\t\t\t\t<img decoding=\"async\" itemprop=\"image\" class=\"mkdf-cc-hover-image\" src=\"https:\/\/univerzum.co.me\/wp-content\/uploads\/2022\/04\/infinity.png\" alt=\"\" \/>\n\t\t\t<\/div>            <\/div>\n        <\/div>\n\t\t\t\t<\/div>\n\t\t\t\t<\/div>\n\t\t\t\t\t<\/div>\n\t\t<\/div>\n\t\t\t\t\t<\/div>\n\t\t<\/section>\n\t\t\t\t<\/div>\n\t\t","protected":false},"excerpt":{"rendered":"<p>Build better tomorrow! Kompanija \u201eUniverzum\u201d se od svog samog osnivanja, razvija u oblastima visokogradnje, niskogradnje, projektovanja, rekonstrukcije i adaptacije industrijskih, komercijalnih i stambenih objekata, IT sektora, prodaje i rentiranja stambenih i poslovnih prostora. Do sada, kompanija je uspje\u0161no realizovala jako [&hellip;]<\/p>\n","protected":false},"author":1,"featured_media":0,"parent":0,"menu_order":0,"comment_status":"closed","ping_status":"closed","template":"full-width.php","meta":{"footnotes":""},"class_list":["post-1458","page","type-page","status-publish","hentry"],"_links":{"self":[{"href":"https:\/\/univerzum.co.me\/sr_rs\/wp-json\/wp\/v2\/pages\/1458","targetHints":{"allow":["GET"]}}],"collection":[{"href":"https:\/\/univerzum.co.me\/sr_rs\/wp-json\/wp\/v2\/pages"}],"about":[{"href":"https:\/\/univerzum.co.me\/sr_rs\/wp-json\/wp\/v2\/types\/page"}],"author":[{"embeddable":true,"href":"https:\/\/univerzum.co.me\/sr_rs\/wp-json\/wp\/v2\/users\/1"}],"replies":[{"embeddable":true,"href":"https:\/\/univerzum.co.me\/sr_rs\/wp-json\/wp\/v2\/comments?post=1458"}],"version-history":[{"count":42,"href":"https:\/\/univerzum.co.me\/sr_rs\/wp-json\/wp\/v2\/pages\/1458\/revisions"}],"predecessor-version":[{"id":10024,"href":"https:\/\/univerzum.co.me\/sr_rs\/wp-json\/wp\/v2\/pages\/1458\/revisions\/10024"}],"wp:attachment":[{"href":"https:\/\/univerzum.co.me\/sr_rs\/wp-json\/wp\/v2\/media?parent=1458"}],"curies":[{"name":"wp","href":"https:\/\/api.w.org\/{rel}","templated":true}]}}