{"id":9619,"date":"2022-03-28T21:28:50","date_gmt":"2022-03-28T21:28:50","guid":{"rendered":"https:\/\/univerzum.co.me\/?page_id=9619"},"modified":"2022-05-05T15:50:13","modified_gmt":"2022-05-05T15:50:13","slug":"it-univerzum","status":"publish","type":"page","link":"https:\/\/univerzum.co.me\/en\/it-univerzum\/","title":{"rendered":"IT Univerzum"},"content":{"rendered":"<div data-elementor-type=\"wp-page\" data-elementor-id=\"9619\" class=\"elementor elementor-9619\">\n\t\t\t\t<div class=\"mkdf-elementor-row mkdf-row-with-bg-pattern\" style=\"\">\t\t<section class=\"elementor-section elementor-top-section elementor-element elementor-element-a50048f mkdf-elementor-row-grid-section elementor-section-boxed elementor-section-height-default elementor-section-height-default mkdf-parallax-row-no mkdf-content-aligment-left mkdf-disabled-bg-image-bellow-no mkdf-row-btt-light\" data-id=\"a50048f\" data-element_type=\"section\" data-settings=\"{&quot;background_background&quot;:&quot;classic&quot;}\">\n\t\t\t\t\t\t<div class=\"elementor-container elementor-column-gap-default\">\n\t\t\t\t\t<div class=\"elementor-column elementor-col-50 elementor-top-column elementor-element elementor-element-ae28ab8\" data-id=\"ae28ab8\" data-element_type=\"column\">\n\t\t\t<div class=\"elementor-widget-wrap elementor-element-populated\">\n\t\t\t\t\t\t<div class=\"elementor-element elementor-element-b6a2eb7 elementor-widget elementor-widget-image\" data-id=\"b6a2eb7\" data-element_type=\"widget\" data-widget_type=\"image.default\">\n\t\t\t\t<div class=\"elementor-widget-container\">\n\t\t\t\t\t\t\t\t\t\t\t\t\t<img fetchpriority=\"high\" decoding=\"async\" width=\"800\" height=\"533\" src=\"https:\/\/univerzum.co.me\/wp-content\/uploads\/2018\/12\/h1-img-01.jpg\" class=\"attachment-large size-large wp-image-67\" alt=\"a\" srcset=\"https:\/\/univerzum.co.me\/wp-content\/uploads\/2018\/12\/h1-img-01.jpg 800w, https:\/\/univerzum.co.me\/wp-content\/uploads\/2018\/12\/h1-img-01-300x200.jpg 300w, https:\/\/univerzum.co.me\/wp-content\/uploads\/2018\/12\/h1-img-01-768x512.jpg 768w\" sizes=\"(max-width: 800px) 100vw, 800px\" \/>\t\t\t\t\t\t\t\t\t\t\t\t\t<\/div>\n\t\t\t\t<\/div>\n\t\t\t\t\t<\/div>\n\t\t<\/div>\n\t\t\t\t<div class=\"elementor-column elementor-col-50 elementor-top-column elementor-element elementor-element-a6f9b37\" data-id=\"a6f9b37\" data-element_type=\"column\">\n\t\t\t<div class=\"elementor-widget-wrap elementor-element-populated\">\n\t\t\t\t\t\t<div class=\"elementor-element elementor-element-73ff54c elementor-widget elementor-widget-mkdf_section_title\" data-id=\"73ff54c\" data-element_type=\"widget\" data-widget_type=\"mkdf_section_title.default\">\n\t\t\t\t<div class=\"elementor-widget-container\">\n\t\t\t<div class=\"mkdf-section-title-holder  mkdf-st-standard\" >\n\t<div class=\"mkdf-st-inner\">\n        \t\t\t\t\t<h2 class=\"mkdf-st-title\" >\n\t\t\t\tData center\t\t\t<\/h2>\n\t\t\t\t\t\t\t<p class=\"mkdf-st-text\" style=\"margin-top: 20px\">\n\t\t\t\tQuality and safety are our number one priority!\n\nWe offer you the opportunity to provide the highest quality and most reliable infrastructure and the highest level of security for your business data in the Universe Data Center, which is also the largest in the Balkans!\n\nSchedule a visit via email office@univerzum.co.me and see for yourself the capacity of our Data Center.\t\t\t<\/p>\n\t\t\t<\/div>\n<\/div>\t\t<\/div>\n\t\t\t\t<\/div>\n\t\t\t\t\t<\/div>\n\t\t<\/div>\n\t\t\t\t\t<\/div>\n\t\t<\/section>\n\t\t<div class=\"mkdf-row-background-pattern-holder\"><div class=\"mkdf-row-background-pattern-left\"><\/div><div class=\"mkdf-row-background-pattern-right\"><\/div><\/div><\/div>\t\t<section class=\"elementor-section elementor-top-section elementor-element elementor-element-3bf34f6 elementor-section-boxed elementor-section-height-default elementor-section-height-default mkdf-parallax-row-no mkdf-content-aligment-left mkdf-elementor-row-grid-no mkdf-disabled-bg-image-bellow-no mkdf-row-btt-light\" data-id=\"3bf34f6\" data-element_type=\"section\">\n\t\t\t\t\t\t<div class=\"elementor-container elementor-column-gap-default\">\n\t\t\t\t\t<div class=\"elementor-column elementor-col-100 elementor-top-column elementor-element elementor-element-0c6e0d2\" data-id=\"0c6e0d2\" data-element_type=\"column\">\n\t\t\t<div class=\"elementor-widget-wrap elementor-element-populated\">\n\t\t\t\t\t\t<div class=\"elementor-element elementor-element-a42be2f elementor-widget elementor-widget-qi_addons_for_elementor_animated_text\" data-id=\"a42be2f\" data-element_type=\"widget\" data-widget_type=\"qi_addons_for_elementor_animated_text.default\">\n\t\t\t\t<div class=\"elementor-widget-container\">\n\t\t\t<div class=\"qodef-shortcode qodef-m  qodef-qi-animated-text  qodef--alignment-center qodef-qi--has-appear qodef--appear-from-bottom\" >\n\t\t<h2 class=\"qodef-m-title\">\n\t\tIT Univerzum\t<\/h2>\n<\/div>\n\t\t<\/div>\n\t\t\t\t<\/div>\n\t\t\t\t<div class=\"elementor-element elementor-element-52b15b5 elementor-widget elementor-widget-text-editor\" data-id=\"52b15b5\" data-element_type=\"widget\" data-widget_type=\"text-editor.default\">\n\t\t\t\t<div class=\"elementor-widget-container\">\n\t\t\t\t\t\t\t<p>A controlled and secure environment within which you can manage your IT infrastructure<\/p><p>Mogu\u0107nost bezbjednog \u010duvanja, pristupa i upravljanja podacima, koji su od velike va\u017enosti za va\u0161 posao, sve vi\u0161e dobija na zna\u010daju i mo\u017ee mnogo uticati na uspje\u0161nost va\u0161eg poslovanja. Univerzum Data Centar izgra\u0111en je i pru\u017ea usluge u skladu sa Tier3 standardima. Dostupnost servisa od 99,99% omogu\u0107ena je zahvaljuju\u0107i N+1 redudansi kompletne mehani\u010dke, elektri\u010dne i infrstrukture povezivanja u Univerzum Data Centru.<\/p><p>It was built according to the most demanding industry standards, and it will be. certified according to the ISO 27001 standard, and is one of the most modern technical buildings in the region.<\/p><p>Prostire se na 1400 kvadratnih metara u kojima je mogu\u0107e sme\u0161tanje telekomunikcionih sistema i prate\u0107e opreme, kao i sistema za skladi\u0161tenje informacija, zajedno s kompleksnom infrastrukturom koja obezbe\u0111uje nesmetano hla\u0111enje, napajanje i odr\u017eavanje opreme.<\/p>\t\t\t\t\t\t<\/div>\n\t\t\t\t<\/div>\n\t\t\t\t\t<\/div>\n\t\t<\/div>\n\t\t\t\t\t<\/div>\n\t\t<\/section>\n\t\t\t\t<\/div>","protected":false},"excerpt":{"rendered":"<p>Data centar Kvalitet i bezbjednost nam je na prvom mjestu! Nudimo vam mogu\u0107nost obezbje\u0111ivanja najkvalitetnije i najpouzdanije infrastrukturu i najvi\u0161i nivo bezbjednosti za svoje poslovne podatke u Univerzum Data Centru, koji je ujedno i najve\u0107i na Balkanu! Zaka\u017eite posjetu putem [&hellip;]<\/p>","protected":false},"author":1,"featured_media":0,"parent":0,"menu_order":0,"comment_status":"closed","ping_status":"closed","template":"full-width.php","meta":{"footnotes":""},"class_list":["post-9619","page","type-page","status-publish","hentry"],"_links":{"self":[{"href":"https:\/\/univerzum.co.me\/en\/wp-json\/wp\/v2\/pages\/9619","targetHints":{"allow":["GET"]}}],"collection":[{"href":"https:\/\/univerzum.co.me\/en\/wp-json\/wp\/v2\/pages"}],"about":[{"href":"https:\/\/univerzum.co.me\/en\/wp-json\/wp\/v2\/types\/page"}],"author":[{"embeddable":true,"href":"https:\/\/univerzum.co.me\/en\/wp-json\/wp\/v2\/users\/1"}],"replies":[{"embeddable":true,"href":"https:\/\/univerzum.co.me\/en\/wp-json\/wp\/v2\/comments?post=9619"}],"version-history":[{"count":15,"href":"https:\/\/univerzum.co.me\/en\/wp-json\/wp\/v2\/pages\/9619\/revisions"}],"predecessor-version":[{"id":10061,"href":"https:\/\/univerzum.co.me\/en\/wp-json\/wp\/v2\/pages\/9619\/revisions\/10061"}],"wp:attachment":[{"href":"https:\/\/univerzum.co.me\/en\/wp-json\/wp\/v2\/media?parent=9619"}],"curies":[{"name":"wp","href":"https:\/\/api.w.org\/{rel}","templated":true}]}}