{"id":9565,"date":"2022-03-03T22:11:03","date_gmt":"2022-03-03T22:11:03","guid":{"rendered":"https:\/\/univerzum.co.me\/?page_id=9565"},"modified":"2022-04-16T11:02:31","modified_gmt":"2022-04-16T11:02:31","slug":"investicioni-projekti","status":"publish","type":"page","link":"https:\/\/univerzum.co.me\/en\/investicioni-projekti\/","title":{"rendered":"Investment projects"},"content":{"rendered":"<div data-elementor-type=\"wp-page\" data-elementor-id=\"9565\" class=\"elementor elementor-9565\">\n\t\t\t\t\t\t<section class=\"elementor-section elementor-top-section elementor-element elementor-element-e7f845b elementor-section-boxed elementor-section-height-default elementor-section-height-default mkdf-parallax-row-no mkdf-content-aligment-left mkdf-elementor-row-grid-no mkdf-disabled-bg-image-bellow-no mkdf-row-btt-light\" data-id=\"e7f845b\" data-element_type=\"section\">\n\t\t\t\t\t\t<div class=\"elementor-container elementor-column-gap-default\">\n\t\t\t\t\t<div class=\"elementor-column elementor-col-100 elementor-top-column elementor-element elementor-element-13a4266\" data-id=\"13a4266\" data-element_type=\"column\">\n\t\t\t<div class=\"elementor-widget-wrap elementor-element-populated\">\n\t\t\t\t\t\t<div class=\"elementor-element elementor-element-0d63017 elementor-widget elementor-widget-heading\" data-id=\"0d63017\" data-element_type=\"widget\" data-widget_type=\"heading.default\">\n\t\t\t\t<div class=\"elementor-widget-container\">\n\t\t\t<h4 class=\"elementor-heading-title elementor-size-default\">Investment projects<\/h4>\t\t<\/div>\n\t\t\t\t<\/div>\n\t\t\t\t<div class=\"elementor-element elementor-element-8c95e88 elementor-widget elementor-widget-text-editor\" data-id=\"8c95e88\" data-element_type=\"widget\" data-widget_type=\"text-editor.default\">\n\t\t\t\t<div class=\"elementor-widget-container\">\n\t\t\t\t\t\t\t<p><strong>The Universe Company is recognized as an investor in projects that exude luxury and prestige. <\/strong>Our investments are located in luxury and most sought-after locations in all regions of the country.\u00a0<\/p><p>In every investment project we incorporate knowledge and experience gained in the work that counts years, and our team, which consists of experienced and young staff who combine experience and energy, fresh and practical knowledge gives the best results.<\/p><p><br \/>A team of experienced engineers in cooperation with a young, highly qualified and promising team and an experienced and fully equipped construction operative is ready to respond to all the challenges posed by our company's investment projects.<\/p>\t\t\t\t\t\t<\/div>\n\t\t\t\t<\/div>\n\t\t\t\t\t<\/div>\n\t\t<\/div>\n\t\t\t\t\t<\/div>\n\t\t<\/section>\n\t\t\t\t<section class=\"elementor-section elementor-top-section elementor-element elementor-element-70e61f7 elementor-section-boxed elementor-section-height-default elementor-section-height-default mkdf-parallax-row-no mkdf-content-aligment-left mkdf-elementor-row-grid-no mkdf-disabled-bg-image-bellow-no mkdf-row-btt-light\" data-id=\"70e61f7\" data-element_type=\"section\">\n\t\t\t\t\t\t<div class=\"elementor-container elementor-column-gap-default\">\n\t\t\t\t\t<div class=\"elementor-column elementor-col-100 elementor-top-column elementor-element elementor-element-fe5fd1d\" data-id=\"fe5fd1d\" data-element_type=\"column\">\n\t\t\t<div class=\"elementor-widget-wrap elementor-element-populated\">\n\t\t\t\t\t\t<div class=\"elementor-element elementor-element-d45c83e elementor-widget elementor-widget-heading\" data-id=\"d45c83e\" data-element_type=\"widget\" data-widget_type=\"heading.default\">\n\t\t\t\t<div class=\"elementor-widget-container\">\n\t\t\t<h4 class=\"elementor-heading-title elementor-size-default\">OUR INVESTMENT PROJECTS<\/h4>\t\t<\/div>\n\t\t\t\t<\/div>\n\t\t\t\t<div class=\"elementor-element elementor-element-437ffaf elementor-widget elementor-widget-mkdf_portfolio_list\" data-id=\"437ffaf\" data-element_type=\"widget\" data-widget_type=\"mkdf_portfolio_list.default\">\n\t\t\t\t<div class=\"elementor-widget-container\">\n\t\t\t<div class=\"mkdf-portfolio-list-holder mkdf-grid-list mkdf-disable-bottom-space mkdf-pl-gallery mkdf-three-columns mkdf-tiny-space mkdf-pl-gallery-slide-from-image-bottom    mkdf-pl-pag-standard      mkdf-pl-default-skin\"  data-type=\"gallery\" data-skin=\"default-skin\" data-number-of-columns=\"three\" data-space-between-items=\"tiny\" data-image-proportions=\"square\" data-enable-image-shadow=\"no\" data-category=\"nasi-investicioni-projekti\" data-orderby=\"date\" data-order=\"ASC\" data-item-style=\"gallery-slide-from-image-bottom\" data-enable-title=\"yes\" data-title-tag=\"h4\" data-enable-category=\"yes\" data-enable-count-images=\"yes\" data-enable-excerpt=\"no\" data-readmore=\"yes\" data-pagination-type=\"standard\" data-filter=\"no\" data-enable-article-animation=\"no\" data-portfolio-slider-on=\"no\" data-enable-loop=\"yes\" data-enable-autoplay=\"yes\" data-slider-speed=\"5000\" data-slider-speed-animation=\"600\" data-enable-navigation=\"yes\" data-enable-pagination=\"yes\" data-enable-auto-width=\"no\" data-max-num-pages=\"1\" data-next-page=\"2\">\n\t\t<div class=\"mkdf-pl-inner mkdf-outer-space  clearfix\">\n\t\t<article class=\"mkdf-pl-item mkdf-item-space  post-9705 portfolio-item type-portfolio-item status-publish has-post-thumbnail hentry portfolio-category-nasi-investicioni-projekti\">\n\t<div class=\"mkdf-pl-item-inner\">\n\t\t<a href=\"https:\/\/univerzum.co.me\/en\/portfolio-item\/infinity\/\">\n<div class=\"mkdf-pli-image\">\n\t<img fetchpriority=\"high\" decoding=\"async\" width=\"650\" height=\"650\" src=\"https:\/\/univerzum.co.me\/wp-content\/uploads\/2022\/02\/Limenka-Render-3-Noc-_1_-min-650x650.webp\" class=\"attachment-wilmer_mikado_image_square size-wilmer_mikado_image_square wp-post-image\" alt=\"dizajn eksterijera Limenke\" srcset=\"https:\/\/univerzum.co.me\/wp-content\/uploads\/2022\/02\/Limenka-Render-3-Noc-_1_-min-650x650.webp 650w, https:\/\/univerzum.co.me\/wp-content\/uploads\/2022\/02\/Limenka-Render-3-Noc-_1_-min-150x150.webp 150w\" sizes=\"(max-width: 650px) 100vw, 650px\" \/><\/div>\n<\/a>\n<div class=\"mkdf-pli-text-holder\">\n\t<div class=\"mkdf-pli-text-wrapper\">\n\t\t<div class=\"mkdf-pli-text\">\n            \t\t<h6 class=\"mkdf-pli-category-holder\">\n\t\t\t\t\t\t\t<a itemprop=\"url\" class=\"mkdf-pli-category\" href=\"https:\/\/univerzum.co.me\/en\/portfolio-category\/nasi-investicioni-projekti\/\">Investment projects<\/a>\n\t\t\t\t\t<\/h6>\n\t\n                <a href=\"https:\/\/univerzum.co.me\/en\/portfolio-item\/infinity\/\">\n\t<h4 itemprop=\"name\" class=\"mkdf-pli-title entry-title\" >\n\t\tInfinity\t<\/h4>\n    <\/a>\n\n            \n            \n            \n    <div class=\"mkdf-pl-read-more-holder\">\n    \n    <a itemprop=\"url\" href=\"https:\/\/univerzum.co.me\/en\/portfolio-item\/infinity\/\" target=\"_self\"  class=\"mkdf-btn mkdf-btn-medium mkdf-btn-simple\"  >\n    <span class=\"mkdf-btn-text\">Find out more<\/span>\n    <\/a>\n    <\/div>\n\n    \t\t<\/div>\n\t<\/div>\n<\/div>\n\t\t<a itemprop=\"url\" class=\"mkdf-pli-link mkdf-block-drag-link\" href=\"https:\/\/univerzum.co.me\/en\/portfolio-item\/infinity\/\" target=\"_self\"><\/a>\n\t<\/div>\n<\/article><article class=\"mkdf-pl-item mkdf-item-space  post-9719 portfolio-item type-portfolio-item status-publish has-post-thumbnail hentry portfolio-category-nasi-investicioni-projekti\">\n\t<div class=\"mkdf-pl-item-inner\">\n\t\t<a href=\"https:\/\/univerzum.co.me\/en\/portfolio-item\/stambeno-poslovni-objekat-kolasin\/\">\n<div class=\"mkdf-pli-image\">\n\t<img decoding=\"async\" width=\"650\" height=\"576\" src=\"https:\/\/univerzum.co.me\/wp-content\/uploads\/2022\/04\/IMG-20220209-WA0003-1-650x576.jpg\" class=\"attachment-wilmer_mikado_image_square size-wilmer_mikado_image_square wp-post-image\" alt=\"\" \/><\/div>\n<\/a>\n<div class=\"mkdf-pli-text-holder\">\n\t<div class=\"mkdf-pli-text-wrapper\">\n\t\t<div class=\"mkdf-pli-text\">\n            \t\t<h6 class=\"mkdf-pli-category-holder\">\n\t\t\t\t\t\t\t<a itemprop=\"url\" class=\"mkdf-pli-category\" href=\"https:\/\/univerzum.co.me\/en\/portfolio-category\/nasi-investicioni-projekti\/\">Investment projects<\/a>\n\t\t\t\t\t<\/h6>\n\t\n                <a href=\"https:\/\/univerzum.co.me\/en\/portfolio-item\/stambeno-poslovni-objekat-kolasin\/\">\n\t<h4 itemprop=\"name\" class=\"mkdf-pli-title entry-title\" >\n\t\tResidential and business building Kola\u0161in\t<\/h4>\n    <\/a>\n\n            \n            \n            \n    <div class=\"mkdf-pl-read-more-holder\">\n    \n    <a itemprop=\"url\" href=\"https:\/\/univerzum.co.me\/en\/portfolio-item\/stambeno-poslovni-objekat-kolasin\/\" target=\"_self\"  class=\"mkdf-btn mkdf-btn-medium mkdf-btn-simple\"  >\n    <span class=\"mkdf-btn-text\">Find out more<\/span>\n    <\/a>\n    <\/div>\n\n    \t\t<\/div>\n\t<\/div>\n<\/div>\n\t\t<a itemprop=\"url\" class=\"mkdf-pli-link mkdf-block-drag-link\" href=\"https:\/\/univerzum.co.me\/en\/portfolio-item\/stambeno-poslovni-objekat-kolasin\/\" target=\"_self\"><\/a>\n\t<\/div>\n<\/article><article class=\"mkdf-pl-item mkdf-item-space  post-9726 portfolio-item type-portfolio-item status-publish has-post-thumbnail hentry portfolio-category-nasi-investicioni-projekti\">\n\t<div class=\"mkdf-pl-item-inner\">\n\t\t<a href=\"https:\/\/univerzum.co.me\/en\/portfolio-item\/vile-zabljak\/\">\n<div class=\"mkdf-pli-image\">\n\t<img decoding=\"async\" width=\"650\" height=\"650\" src=\"https:\/\/univerzum.co.me\/wp-content\/uploads\/2022\/04\/DVOJNA-VILA-1-650x650.jpg\" class=\"attachment-wilmer_mikado_image_square size-wilmer_mikado_image_square wp-post-image\" alt=\"\" srcset=\"https:\/\/univerzum.co.me\/wp-content\/uploads\/2022\/04\/DVOJNA-VILA-1-650x650.jpg 650w, https:\/\/univerzum.co.me\/wp-content\/uploads\/2022\/04\/DVOJNA-VILA-1-150x150.jpg 150w, https:\/\/univerzum.co.me\/wp-content\/uploads\/2022\/04\/DVOJNA-VILA-1-1300x1300.jpg 1300w\" sizes=\"(max-width: 650px) 100vw, 650px\" \/><\/div>\n<\/a>\n<div class=\"mkdf-pli-text-holder\">\n\t<div class=\"mkdf-pli-text-wrapper\">\n\t\t<div class=\"mkdf-pli-text\">\n            \t\t<h6 class=\"mkdf-pli-category-holder\">\n\t\t\t\t\t\t\t<a itemprop=\"url\" class=\"mkdf-pli-category\" href=\"https:\/\/univerzum.co.me\/en\/portfolio-category\/nasi-investicioni-projekti\/\">Investment projects<\/a>\n\t\t\t\t\t<\/h6>\n\t\n                <a href=\"https:\/\/univerzum.co.me\/en\/portfolio-item\/vile-zabljak\/\">\n\t<h4 itemprop=\"name\" class=\"mkdf-pli-title entry-title\" >\n\t\tVillas \u017dabljak\t<\/h4>\n    <\/a>\n\n            \n            \n            \n    <div class=\"mkdf-pl-read-more-holder\">\n    \n    <a itemprop=\"url\" href=\"https:\/\/univerzum.co.me\/en\/portfolio-item\/vile-zabljak\/\" target=\"_self\"  class=\"mkdf-btn mkdf-btn-medium mkdf-btn-simple\"  >\n    <span class=\"mkdf-btn-text\">Find out more<\/span>\n    <\/a>\n    <\/div>\n\n    \t\t<\/div>\n\t<\/div>\n<\/div>\n\t\t<a itemprop=\"url\" class=\"mkdf-pli-link mkdf-block-drag-link\" href=\"https:\/\/univerzum.co.me\/en\/portfolio-item\/vile-zabljak\/\" target=\"_self\"><\/a>\n\t<\/div>\n<\/article><article class=\"mkdf-pl-item mkdf-item-space  post-10065 portfolio-item type-portfolio-item status-publish has-post-thumbnail hentry portfolio-category-nasi-investicioni-projekti\">\n\t<div class=\"mkdf-pl-item-inner\">\n\t\t<a href=\"https:\/\/univerzum.co.me\/en\/portfolio-item\/stambeni-objekat-prijevor-seoca-budva\/\">\n<div class=\"mkdf-pli-image\">\n\t<img loading=\"lazy\" decoding=\"async\" width=\"650\" height=\"650\" src=\"https:\/\/univerzum.co.me\/wp-content\/uploads\/2022\/07\/r2-jaz1-650x650.jpg\" class=\"attachment-wilmer_mikado_image_square size-wilmer_mikado_image_square wp-post-image\" alt=\"\" srcset=\"https:\/\/univerzum.co.me\/wp-content\/uploads\/2022\/07\/r2-jaz1-650x650.jpg 650w, https:\/\/univerzum.co.me\/wp-content\/uploads\/2022\/07\/r2-jaz1-150x150.jpg 150w, https:\/\/univerzum.co.me\/wp-content\/uploads\/2022\/07\/r2-jaz1-1300x1300.jpg 1300w\" sizes=\"(max-width: 650px) 100vw, 650px\" \/><\/div>\n<\/a>\n<div class=\"mkdf-pli-text-holder\">\n\t<div class=\"mkdf-pli-text-wrapper\">\n\t\t<div class=\"mkdf-pli-text\">\n            \t\t<h6 class=\"mkdf-pli-category-holder\">\n\t\t\t\t\t\t\t<a itemprop=\"url\" class=\"mkdf-pli-category\" href=\"https:\/\/univerzum.co.me\/en\/portfolio-category\/nasi-investicioni-projekti\/\">Investment projects<\/a>\n\t\t\t\t\t<\/h6>\n\t\n                <a href=\"https:\/\/univerzum.co.me\/en\/portfolio-item\/stambeni-objekat-prijevor-seoca-budva\/\">\n\t<h4 itemprop=\"name\" class=\"mkdf-pli-title entry-title\" >\n\t\tStambeni objekat, Prijevor Seoca, Budva\t<\/h4>\n    <\/a>\n\n            \n            \n            \n    <div class=\"mkdf-pl-read-more-holder\">\n    \n    <a itemprop=\"url\" href=\"https:\/\/univerzum.co.me\/en\/portfolio-item\/stambeni-objekat-prijevor-seoca-budva\/\" target=\"_self\"  class=\"mkdf-btn mkdf-btn-medium mkdf-btn-simple\"  >\n    <span class=\"mkdf-btn-text\">Find out more<\/span>\n    <\/a>\n    <\/div>\n\n    \t\t<\/div>\n\t<\/div>\n<\/div>\n\t\t<a itemprop=\"url\" class=\"mkdf-pli-link mkdf-block-drag-link\" href=\"https:\/\/univerzum.co.me\/en\/portfolio-item\/stambeni-objekat-prijevor-seoca-budva\/\" target=\"_self\"><\/a>\n\t<\/div>\n<\/article>\t<\/div>\n\t\n\t<\/div>\t\t<\/div>\n\t\t\t\t<\/div>\n\t\t\t\t\t<\/div>\n\t\t<\/div>\n\t\t\t\t\t<\/div>\n\t\t<\/section>\n\t\t\t\t<\/div>","protected":false},"excerpt":{"rendered":"<p>Investicioni projekti Kompanije Univerzum je prepoznata kao investitor u projektima koji odi\u0161u luksuzom i presti\u017eom. Na\u0161e investicije se nalaze na luksuznim i najtra\u017eenijim lokacijama u svim regionima dr\u017eave.&nbsp; U svaki investicioni projekat utakmo znanje i iskustvo ste\u010deno u radu koji [&hellip;]<\/p>","protected":false},"author":1,"featured_media":0,"parent":0,"menu_order":0,"comment_status":"closed","ping_status":"closed","template":"","meta":{"footnotes":""},"class_list":["post-9565","page","type-page","status-publish","hentry"],"_links":{"self":[{"href":"https:\/\/univerzum.co.me\/en\/wp-json\/wp\/v2\/pages\/9565","targetHints":{"allow":["GET"]}}],"collection":[{"href":"https:\/\/univerzum.co.me\/en\/wp-json\/wp\/v2\/pages"}],"about":[{"href":"https:\/\/univerzum.co.me\/en\/wp-json\/wp\/v2\/types\/page"}],"author":[{"embeddable":true,"href":"https:\/\/univerzum.co.me\/en\/wp-json\/wp\/v2\/users\/1"}],"replies":[{"embeddable":true,"href":"https:\/\/univerzum.co.me\/en\/wp-json\/wp\/v2\/comments?post=9565"}],"version-history":[{"count":18,"href":"https:\/\/univerzum.co.me\/en\/wp-json\/wp\/v2\/pages\/9565\/revisions"}],"predecessor-version":[{"id":10037,"href":"https:\/\/univerzum.co.me\/en\/wp-json\/wp\/v2\/pages\/9565\/revisions\/10037"}],"wp:attachment":[{"href":"https:\/\/univerzum.co.me\/en\/wp-json\/wp\/v2\/media?parent=9565"}],"curies":[{"name":"wp","href":"https:\/\/api.w.org\/{rel}","templated":true}]}}